{"id":2477,"date":"2025-02-11T08:17:27","date_gmt":"2025-02-11T07:17:27","guid":{"rendered":"https:\/\/www.laserschneiden.it\/?page_id=2477"},"modified":"2025-05-28T10:35:42","modified_gmt":"2025-05-28T08:35:42","slug":"impressum","status":"publish","type":"page","link":"https:\/\/www.laserschneiden.it\/it\/impressum\/","title":{"rendered":"Impressum"},"content":{"rendered":"\t\t<div data-elementor-type=\"wp-page\" data-elementor-id=\"2477\" class=\"elementor elementor-2477\">\n\t\t\t\t\t\t<section class=\"elementor-section elementor-top-section elementor-element elementor-element-76b308f8 elementor-section-boxed elementor-section-height-default elementor-section-height-default\" data-id=\"76b308f8\" data-element_type=\"section\">\n\t\t\t\t\t\t<div class=\"elementor-container elementor-column-gap-default\">\n\t\t\t\t\t<div class=\"elementor-column elementor-col-100 elementor-top-column elementor-element elementor-element-940d1ff\" data-id=\"940d1ff\" data-element_type=\"column\">\n\t\t\t<div class=\"elementor-widget-wrap elementor-element-populated\">\n\t\t\t\t\t\t<div class=\"elementor-element elementor-element-52bdc5c elementor-mobile-align-left elementor-align-left elementor-widget elementor-widget-raven-heading\" data-id=\"52bdc5c\" data-element_type=\"widget\" data-widget_type=\"raven-heading.default\">\n\t\t\t\t<div class=\"elementor-widget-container\">\n\t\t\t\t\t\t\t<div class=\"raven-widget-wrapper\"><h2 class=\"raven-heading raven-heading-h2\"><span class=\"raven-heading-title \">Impressum<\/span><\/h2><\/div>\r\n\t\t\t\t\t\t<\/div>\n\t\t\t\t<\/div>\n\t\t\t\t\t<\/div>\n\t\t<\/div>\n\t\t\t\t\t<\/div>\n\t\t<\/section>\n\t\t\t\t<section class=\"elementor-section elementor-top-section elementor-element elementor-element-500397c2 elementor-section-boxed elementor-section-height-default elementor-section-height-default\" data-id=\"500397c2\" data-element_type=\"section\">\n\t\t\t\t\t\t<div class=\"elementor-container elementor-column-gap-no\">\n\t\t\t\t\t<div class=\"elementor-column elementor-col-50 elementor-top-column elementor-element elementor-element-3b60f091\" data-id=\"3b60f091\" data-element_type=\"column\">\n\t\t\t<div class=\"elementor-widget-wrap elementor-element-populated\">\n\t\t\t\t\t\t<div class=\"elementor-element elementor-element-79df68de elementor-widget elementor-widget-text-editor\" data-id=\"79df68de\" data-element_type=\"widget\" data-widget_type=\"text-editor.default\">\n\t\t\t\t<div class=\"elementor-widget-container\">\n\t\t\t\t\t\t\t\t\t<p><strong>Proprietario e responsabile per il contenuto:<\/strong><br \/>Alpintec Srl<br \/>Zona Artigianale Weiher, 2<br \/>39010 San Pancrazio (BZ)<br \/>Telefono: +39 0473 787100<br \/>Part.IVA IT01444520215<br \/>Codice destinatario (SDI): SUBM70N<br \/><a href=\"mailto:contatto@alpintec.com\">contatto@alpintec.com<\/a><\/p><p><strong>Materiale fotografico:<\/strong><br \/>Alpintec<\/p><p><strong>Avviso di responsabilit\u00e0:<\/strong><br \/>I marchi e le societ\u00e0 citate su questo sito sono di propriet\u00e0 del apposito titolare.<br \/>Nonostante l\u2019attento controllo dei contenuti, non assumiamo nessuna responsabilit\u00e0 per i contenuti relativi a link esterni. Sono responsabili per il contenuto delle pagine collegate esclusivamente i gestori delle pagine stesse.<\/p>\t\t\t\t\t\t\t\t<\/div>\n\t\t\t\t<\/div>\n\t\t\t\t\t<\/div>\n\t\t<\/div>\n\t\t\t\t<div class=\"elementor-column elementor-col-50 elementor-top-column elementor-element elementor-element-44b30119\" data-id=\"44b30119\" data-element_type=\"column\">\n\t\t\t<div class=\"elementor-widget-wrap elementor-element-populated\">\n\t\t\t\t\t\t<div class=\"elementor-element elementor-element-d463ae8 elementor-widget elementor-widget-text-editor\" data-id=\"d463ae8\" data-element_type=\"widget\" data-widget_type=\"text-editor.default\">\n\t\t\t\t<div class=\"elementor-widget-container\">\n\t\t\t\t\t\t\t\t\t<p><strong>Realizzazione, Concetto &amp; Design:<br \/><\/strong>Fuchsdesign<br \/>Via Dolomiti 25a, 39034 Dobbiaco<br \/>Alto Adige \u2013 Italia<br \/>Tel +39 0474 979 048<br \/><a href=\"mailto:info@fuchsdesign.it\">info@fuchsdesign.it<\/a><br \/><a class=\"external-link-new-window\" title=\"Opens external link in new window\" href=\"http:\/\/www.fuchsdesign.it\/\" target=\"_blank\" rel=\"noopener noreferrer\">www.fuchsdesign.it<\/a><\/p><p><strong>Informazione obbligatoria ai sensi del Regolamento UE n. 524\/2016 del Parlamento europeo e del Consiglio<\/strong><br \/>Piattaforma per la risoluzione delle controversie online dei consumatori (ODR) della Commissione europea:\u00a0<a href=\"https:\/\/ec.europa.eu\/consumers\/odr\/\" target=\"_blank\" rel=\"noopener noreferrer\">https:\/\/ec.europa.eu\/consumers\/odr\/<\/a><\/p>\t\t\t\t\t\t\t\t<\/div>\n\t\t\t\t<\/div>\n\t\t\t\t\t<\/div>\n\t\t<\/div>\n\t\t\t\t\t<\/div>\n\t\t<\/section>\n\t\t\t\t<\/div>\n\t\t","protected":false},"excerpt":{"rendered":"<p>Impressum Proprietario e responsabile per il contenuto:Alpintec SrlZona Artigianale Weiher, 239010 San Pancrazio (BZ)Telefono: +39 0473 787100Part.IVA IT01444520215Codice destinatario (SDI): SUBM70Ncontatto@alpintec.com Materiale fotografico:Alpintec Avviso di responsabilit\u00e0:I marchi e le societ\u00e0 citate su questo sito sono di propriet\u00e0 del apposito titolare.Nonostante l\u2019attento controllo dei contenuti, non assumiamo nessuna responsabilit\u00e0 per i contenuti relativi a link esterni. [&hellip;]<\/p>\n","protected":false},"author":1,"featured_media":0,"parent":0,"menu_order":0,"comment_status":"closed","ping_status":"closed","template":"elementor_header_footer","meta":{"_acf_changed":false,"footnotes":""},"class_list":["post-2477","page","type-page","status-publish","hentry"],"acf":[],"yoast_head":"<!-- This site is optimized with the Yoast SEO plugin v25.6 - https:\/\/yoast.com\/wordpress\/plugins\/seo\/ -->\n<title>Impressum - Alpintec Costruzione macchine Taglio Laser<\/title>\n<meta name=\"robots\" content=\"index, follow, max-snippet:-1, max-image-preview:large, max-video-preview:-1\" \/>\n<link rel=\"canonical\" href=\"https:\/\/www.laserschneiden.it\/it\/impressum\/\" \/>\n<meta property=\"og:locale\" content=\"it_IT\" \/>\n<meta property=\"og:type\" content=\"article\" \/>\n<meta property=\"og:title\" content=\"Impressum - Alpintec Costruzione macchine Taglio Laser\" \/>\n<meta property=\"og:description\" content=\"Impressum Proprietario e responsabile per il contenuto:Alpintec SrlZona Artigianale Weiher, 239010 San Pancrazio (BZ)Telefono: +39 0473 787100Part.IVA IT01444520215Codice destinatario (SDI): SUBM70Ncontatto@alpintec.com Materiale fotografico:Alpintec Avviso di responsabilit\u00e0:I marchi e le societ\u00e0 citate su questo sito sono di propriet\u00e0 del apposito titolare.Nonostante l\u2019attento controllo dei contenuti, non assumiamo nessuna responsabilit\u00e0 per i contenuti relativi a link esterni. [&hellip;]\" \/>\n<meta property=\"og:url\" content=\"https:\/\/www.laserschneiden.it\/it\/impressum\/\" \/>\n<meta property=\"og:site_name\" content=\"Alpintec Costruzione macchine Taglio Laser\" \/>\n<meta property=\"article:modified_time\" content=\"2025-05-28T08:35:42+00:00\" \/>\n<meta name=\"twitter:card\" content=\"summary_large_image\" \/>\n<meta name=\"twitter:label1\" content=\"Tempo di lettura stimato\" \/>\n\t<meta name=\"twitter:data1\" content=\"1 minuto\" \/>\n<script type=\"application\/ld+json\" class=\"yoast-schema-graph\">{\"@context\":\"https:\/\/schema.org\",\"@graph\":[{\"@type\":\"WebPage\",\"@id\":\"https:\/\/www.laserschneiden.it\/it\/impressum\/\",\"url\":\"https:\/\/www.laserschneiden.it\/it\/impressum\/\",\"name\":\"Impressum - Alpintec Costruzione macchine Taglio Laser\",\"isPartOf\":{\"@id\":\"https:\/\/www.laserschneiden.it\/#website\"},\"datePublished\":\"2025-02-11T07:17:27+00:00\",\"dateModified\":\"2025-05-28T08:35:42+00:00\",\"breadcrumb\":{\"@id\":\"https:\/\/www.laserschneiden.it\/it\/impressum\/#breadcrumb\"},\"inLanguage\":\"it-IT\",\"potentialAction\":[{\"@type\":\"ReadAction\",\"target\":[\"https:\/\/www.laserschneiden.it\/it\/impressum\/\"]}]},{\"@type\":\"BreadcrumbList\",\"@id\":\"https:\/\/www.laserschneiden.it\/it\/impressum\/#breadcrumb\",\"itemListElement\":[{\"@type\":\"ListItem\",\"position\":1,\"name\":\"Startseite\",\"item\":\"https:\/\/www.laserschneiden.it\/it\/\"},{\"@type\":\"ListItem\",\"position\":2,\"name\":\"Impressum\"}]},{\"@type\":\"WebSite\",\"@id\":\"https:\/\/www.laserschneiden.it\/#website\",\"url\":\"https:\/\/www.laserschneiden.it\/\",\"name\":\"Alpintec Maschinenbau\",\"description\":\"\",\"publisher\":{\"@id\":\"https:\/\/www.laserschneiden.it\/#organization\"},\"potentialAction\":[{\"@type\":\"SearchAction\",\"target\":{\"@type\":\"EntryPoint\",\"urlTemplate\":\"https:\/\/www.laserschneiden.it\/?s={search_term_string}\"},\"query-input\":{\"@type\":\"PropertyValueSpecification\",\"valueRequired\":true,\"valueName\":\"search_term_string\"}}],\"inLanguage\":\"it-IT\"},{\"@type\":\"Organization\",\"@id\":\"https:\/\/www.laserschneiden.it\/#organization\",\"name\":\"Alpintec Maschinenbau\",\"url\":\"https:\/\/www.laserschneiden.it\/\",\"logo\":{\"@type\":\"ImageObject\",\"inLanguage\":\"it-IT\",\"@id\":\"https:\/\/www.laserschneiden.it\/#\/schema\/logo\/image\/\",\"url\":\"https:\/\/www.laserschneiden.it\/wp-content\/uploads\/Alpintec-logo-red.svg\",\"contentUrl\":\"https:\/\/www.laserschneiden.it\/wp-content\/uploads\/Alpintec-logo-red.svg\",\"width\":335.43,\"height\":75.39,\"caption\":\"Alpintec Maschinenbau\"},\"image\":{\"@id\":\"https:\/\/www.laserschneiden.it\/#\/schema\/logo\/image\/\"},\"sameAs\":[\"https:\/\/www.instagram.com\/alpintec_com\"]}]}<\/script>\n<!-- \/ Yoast SEO plugin. -->","yoast_head_json":{"title":"Impressum - Alpintec Costruzione macchine Taglio Laser","robots":{"index":"index","follow":"follow","max-snippet":"max-snippet:-1","max-image-preview":"max-image-preview:large","max-video-preview":"max-video-preview:-1"},"canonical":"https:\/\/www.laserschneiden.it\/it\/impressum\/","og_locale":"it_IT","og_type":"article","og_title":"Impressum - Alpintec Costruzione macchine Taglio Laser","og_description":"Impressum Proprietario e responsabile per il contenuto:Alpintec SrlZona Artigianale Weiher, 239010 San Pancrazio (BZ)Telefono: +39 0473 787100Part.IVA IT01444520215Codice destinatario (SDI): SUBM70Ncontatto@alpintec.com Materiale fotografico:Alpintec Avviso di responsabilit\u00e0:I marchi e le societ\u00e0 citate su questo sito sono di propriet\u00e0 del apposito titolare.Nonostante l\u2019attento controllo dei contenuti, non assumiamo nessuna responsabilit\u00e0 per i contenuti relativi a link esterni. [&hellip;]","og_url":"https:\/\/www.laserschneiden.it\/it\/impressum\/","og_site_name":"Alpintec Costruzione macchine Taglio Laser","article_modified_time":"2025-05-28T08:35:42+00:00","twitter_card":"summary_large_image","twitter_misc":{"Tempo di lettura stimato":"1 minuto"},"schema":{"@context":"https:\/\/schema.org","@graph":[{"@type":"WebPage","@id":"https:\/\/www.laserschneiden.it\/it\/impressum\/","url":"https:\/\/www.laserschneiden.it\/it\/impressum\/","name":"Impressum - Alpintec Costruzione macchine Taglio Laser","isPartOf":{"@id":"https:\/\/www.laserschneiden.it\/#website"},"datePublished":"2025-02-11T07:17:27+00:00","dateModified":"2025-05-28T08:35:42+00:00","breadcrumb":{"@id":"https:\/\/www.laserschneiden.it\/it\/impressum\/#breadcrumb"},"inLanguage":"it-IT","potentialAction":[{"@type":"ReadAction","target":["https:\/\/www.laserschneiden.it\/it\/impressum\/"]}]},{"@type":"BreadcrumbList","@id":"https:\/\/www.laserschneiden.it\/it\/impressum\/#breadcrumb","itemListElement":[{"@type":"ListItem","position":1,"name":"Startseite","item":"https:\/\/www.laserschneiden.it\/it\/"},{"@type":"ListItem","position":2,"name":"Impressum"}]},{"@type":"WebSite","@id":"https:\/\/www.laserschneiden.it\/#website","url":"https:\/\/www.laserschneiden.it\/","name":"Alpintec Maschinenbau","description":"","publisher":{"@id":"https:\/\/www.laserschneiden.it\/#organization"},"potentialAction":[{"@type":"SearchAction","target":{"@type":"EntryPoint","urlTemplate":"https:\/\/www.laserschneiden.it\/?s={search_term_string}"},"query-input":{"@type":"PropertyValueSpecification","valueRequired":true,"valueName":"search_term_string"}}],"inLanguage":"it-IT"},{"@type":"Organization","@id":"https:\/\/www.laserschneiden.it\/#organization","name":"Alpintec Maschinenbau","url":"https:\/\/www.laserschneiden.it\/","logo":{"@type":"ImageObject","inLanguage":"it-IT","@id":"https:\/\/www.laserschneiden.it\/#\/schema\/logo\/image\/","url":"https:\/\/www.laserschneiden.it\/wp-content\/uploads\/Alpintec-logo-red.svg","contentUrl":"https:\/\/www.laserschneiden.it\/wp-content\/uploads\/Alpintec-logo-red.svg","width":335.43,"height":75.39,"caption":"Alpintec Maschinenbau"},"image":{"@id":"https:\/\/www.laserschneiden.it\/#\/schema\/logo\/image\/"},"sameAs":["https:\/\/www.instagram.com\/alpintec_com"]}]}},"_links":{"self":[{"href":"https:\/\/www.laserschneiden.it\/it\/wp-json\/wp\/v2\/pages\/2477","targetHints":{"allow":["GET"]}}],"collection":[{"href":"https:\/\/www.laserschneiden.it\/it\/wp-json\/wp\/v2\/pages"}],"about":[{"href":"https:\/\/www.laserschneiden.it\/it\/wp-json\/wp\/v2\/types\/page"}],"author":[{"embeddable":true,"href":"https:\/\/www.laserschneiden.it\/it\/wp-json\/wp\/v2\/users\/1"}],"replies":[{"embeddable":true,"href":"https:\/\/www.laserschneiden.it\/it\/wp-json\/wp\/v2\/comments?post=2477"}],"version-history":[{"count":4,"href":"https:\/\/www.laserschneiden.it\/it\/wp-json\/wp\/v2\/pages\/2477\/revisions"}],"predecessor-version":[{"id":2481,"href":"https:\/\/www.laserschneiden.it\/it\/wp-json\/wp\/v2\/pages\/2477\/revisions\/2481"}],"wp:attachment":[{"href":"https:\/\/www.laserschneiden.it\/it\/wp-json\/wp\/v2\/media?parent=2477"}],"curies":[{"name":"wp","href":"https:\/\/api.w.org\/{rel}","templated":true}]}}