{"id":2437,"date":"2025-02-11T10:26:19","date_gmt":"2025-02-11T09:26:19","guid":{"rendered":"https:\/\/www.laserschneiden.it\/?page_id=2437"},"modified":"2025-06-02T14:39:36","modified_gmt":"2025-06-02T12:39:36","slug":"downloads","status":"publish","type":"page","link":"https:\/\/www.laserschneiden.it\/it\/downloads\/","title":{"rendered":"Downloads"},"content":{"rendered":"\t\t<div data-elementor-type=\"wp-page\" data-elementor-id=\"2437\" class=\"elementor elementor-2437\">\n\t\t\t\t\t\t<section class=\"elementor-section elementor-top-section elementor-element elementor-element-2c08e88f elementor-section-boxed elementor-section-height-default elementor-section-height-default\" data-id=\"2c08e88f\" data-element_type=\"section\">\n\t\t\t\t\t\t<div class=\"elementor-container elementor-column-gap-default\">\n\t\t\t\t\t<div class=\"elementor-column elementor-col-100 elementor-top-column elementor-element elementor-element-46b706bb\" data-id=\"46b706bb\" data-element_type=\"column\">\n\t\t\t<div class=\"elementor-widget-wrap elementor-element-populated\">\n\t\t\t\t\t\t<div class=\"elementor-element elementor-element-7327748c elementor-mobile-align-left elementor-align-left elementor-widget elementor-widget-raven-heading\" data-id=\"7327748c\" data-element_type=\"widget\" data-widget_type=\"raven-heading.default\">\n\t\t\t\t<div class=\"elementor-widget-container\">\n\t\t\t\t\t\t\t<div class=\"raven-widget-wrapper\"><h2 class=\"raven-heading raven-heading-h2\"><span class=\"raven-heading-title \">Certificazioni<\/span><\/h2><\/div>\r\n\t\t\t\t\t\t<\/div>\n\t\t\t\t<\/div>\n\t\t\t\t<div class=\"elementor-element elementor-element-dab7382 elementor-widget elementor-widget-text-editor\" data-id=\"dab7382\" data-element_type=\"widget\" data-widget_type=\"text-editor.default\">\n\t\t\t\t<div class=\"elementor-widget-container\">\n\t\t\t\t\t\t\t\t\t<p>La nostra azienda soddisfa i pi\u00f9 alti standard nella lavorazione dei metalli e nella costruzione. Alpintec \u00e8 certificata secondo le norme EN 1090 (EXC2), SOA OS18-A, SOA OS31 e ISO 9001. Inoltre, siamo autorizzati a realizzare terminali per funi conformi alla normativa CE (teste fuse).<\/p>\t\t\t\t\t\t\t\t<\/div>\n\t\t\t\t<\/div>\n\t\t\t\t\t<\/div>\n\t\t<\/div>\n\t\t\t\t\t<\/div>\n\t\t<\/section>\n\t\t\t\t<section class=\"elementor-section elementor-top-section elementor-element elementor-element-5fe96b1 elementor-section-boxed elementor-section-height-default elementor-section-height-default\" data-id=\"5fe96b1\" data-element_type=\"section\">\n\t\t\t\t\t\t<div class=\"elementor-container elementor-column-gap-default\">\n\t\t\t\t\t<div class=\"elementor-column elementor-col-33 elementor-top-column elementor-element elementor-element-61cdd85\" data-id=\"61cdd85\" data-element_type=\"column\">\n\t\t\t<div class=\"elementor-widget-wrap elementor-element-populated\">\n\t\t\t\t\t\t<div class=\"elementor-element elementor-element-b2ce8e5 elementor-widget elementor-widget-image\" data-id=\"b2ce8e5\" data-element_type=\"widget\" data-widget_type=\"image.default\">\n\t\t\t\t<div class=\"elementor-widget-container\">\n\t\t\t\t\t\t\t\t\t\t\t\t\t\t\t\t<a href=\"https:\/\/www.laserschneiden.it\/wp-content\/uploads\/EN1090-Assembly-Certificate.jpg\" data-elementor-open-lightbox=\"yes\" data-elementor-lightbox-title=\"EN1090-Assembly-Certificate\" data-e-action-hash=\"#elementor-action%3Aaction%3Dlightbox%26settings%3DeyJpZCI6MTkzMCwidXJsIjoiaHR0cHM6XC9cL3d3dy5sYXNlcnNjaG5laWRlbi5pdFwvd3AtY29udGVudFwvdXBsb2Fkc1wvRU4xMDkwLUFzc2VtYmx5LUNlcnRpZmljYXRlLmpwZyJ9\">\n\t\t\t\t\t\t\t<img fetchpriority=\"high\" decoding=\"async\" width=\"707\" height=\"1000\" src=\"https:\/\/www.laserschneiden.it\/wp-content\/uploads\/EN1090-Assembly-Certificate.jpg\" class=\"attachment-large size-large wp-image-1930\" alt=\"\" srcset=\"https:\/\/www.laserschneiden.it\/wp-content\/uploads\/EN1090-Assembly-Certificate.jpg 707w, https:\/\/www.laserschneiden.it\/wp-content\/uploads\/EN1090-Assembly-Certificate-106x150.jpg 106w\" sizes=\"(max-width: 707px) 100vw, 707px\" \/>\t\t\t\t\t\t\t\t<\/a>\n\t\t\t\t\t\t\t\t\t\t\t\t\t\t\t<\/div>\n\t\t\t\t<\/div>\n\t\t\t\t<div class=\"elementor-element elementor-element-36c51e5 elementor-widget elementor-widget-text-editor\" data-id=\"36c51e5\" data-element_type=\"widget\" data-widget_type=\"text-editor.default\">\n\t\t\t\t<div class=\"elementor-widget-container\">\n\t\t\t\t\t\t\t\t\t<p>Il certificato EN 1090-2 EXC3 conferma che siamo autorizzati a realizzare e montare strutture in acciaio e alluminio complesse e rilevanti per la sicurezza, in conformit\u00e0 alle normative europee, con personale qualificato, processi definiti e controlli di qualit\u00e0.<\/p><p><a href=\"\/wp-content\/uploads\/EN1090-Assembly-Certificate.pdf\" target=\"_blank\" rel=\"noopener\">Scarica il certificato<\/a><\/p>\t\t\t\t\t\t\t\t<\/div>\n\t\t\t\t<\/div>\n\t\t\t\t\t<\/div>\n\t\t<\/div>\n\t\t\t\t<div class=\"elementor-column elementor-col-33 elementor-top-column elementor-element elementor-element-3c9a7da\" data-id=\"3c9a7da\" data-element_type=\"column\">\n\t\t\t<div class=\"elementor-widget-wrap elementor-element-populated\">\n\t\t\t\t\t\t<div class=\"elementor-element elementor-element-a5091ff elementor-widget elementor-widget-image\" data-id=\"a5091ff\" data-element_type=\"widget\" data-widget_type=\"image.default\">\n\t\t\t\t<div class=\"elementor-widget-container\">\n\t\t\t\t\t\t\t\t\t\t\t\t\t\t\t\t<a href=\"https:\/\/www.laserschneiden.it\/wp-content\/uploads\/EN1090-Werkseigene-Produktionskontrolle.jpg\" data-elementor-open-lightbox=\"yes\" data-elementor-lightbox-title=\"EN1090-Werkseigene-Produktionskontrolle\" data-e-action-hash=\"#elementor-action%3Aaction%3Dlightbox%26settings%3DeyJpZCI6MTkyMSwidXJsIjoiaHR0cHM6XC9cL3d3dy5sYXNlcnNjaG5laWRlbi5pdFwvd3AtY29udGVudFwvdXBsb2Fkc1wvRU4xMDkwLVdlcmtzZWlnZW5lLVByb2R1a3Rpb25za29udHJvbGxlLmpwZyJ9\">\n\t\t\t\t\t\t\t<img decoding=\"async\" width=\"707\" height=\"1000\" src=\"https:\/\/www.laserschneiden.it\/wp-content\/uploads\/EN1090-Werkseigene-Produktionskontrolle.jpg\" class=\"attachment-large size-large wp-image-1921\" alt=\"\" srcset=\"https:\/\/www.laserschneiden.it\/wp-content\/uploads\/EN1090-Werkseigene-Produktionskontrolle.jpg 707w, https:\/\/www.laserschneiden.it\/wp-content\/uploads\/EN1090-Werkseigene-Produktionskontrolle-106x150.jpg 106w\" sizes=\"(max-width: 707px) 100vw, 707px\" \/>\t\t\t\t\t\t\t\t<\/a>\n\t\t\t\t\t\t\t\t\t\t\t\t\t\t\t<\/div>\n\t\t\t\t<\/div>\n\t\t\t\t<div class=\"elementor-element elementor-element-9ad7a20 elementor-widget elementor-widget-text-editor\" data-id=\"9ad7a20\" data-element_type=\"widget\" data-widget_type=\"text-editor.default\">\n\t\t\t\t<div class=\"elementor-widget-container\">\n\t\t\t\t\t\t\t\t\t<p>La nostra azienda \u00e8 certificata secondo la norma EN 1090-1 EXC2, soddisfacendo tutti i requisiti per la produzione e il montaggio di strutture portanti in acciaio e alluminio di alta qualit\u00e0.<br data-start=\"869\" data-end=\"872\" \/>Questa certificazione conferma la nostra produzione controllata secondo gli standard europei e ci autorizza a contrassegnare i nostri componenti con la marcatura CE.<\/p><p><a href=\"\/wp-content\/uploads\/EN1090-Werkseigene-Produktionskontrolle.pdf\" target=\"_blank\" rel=\"noopener\">Scarica il certificato<\/a><\/p>\t\t\t\t\t\t\t\t<\/div>\n\t\t\t\t<\/div>\n\t\t\t\t\t<\/div>\n\t\t<\/div>\n\t\t\t\t<div class=\"elementor-column elementor-col-33 elementor-top-column elementor-element elementor-element-294db62\" data-id=\"294db62\" data-element_type=\"column\">\n\t\t\t<div class=\"elementor-widget-wrap elementor-element-populated\">\n\t\t\t\t\t\t<div class=\"elementor-element elementor-element-e87658b elementor-widget elementor-widget-image\" data-id=\"e87658b\" data-element_type=\"widget\" data-widget_type=\"image.default\">\n\t\t\t\t<div class=\"elementor-widget-container\">\n\t\t\t\t\t\t\t\t\t\t\t\t\t\t\t\t<a href=\"https:\/\/www.laserschneiden.it\/wp-content\/uploads\/EN1090-Schweisszertifikat.jpg\" data-elementor-open-lightbox=\"yes\" data-elementor-lightbox-title=\"EN1090-Schweisszertifikat\" data-e-action-hash=\"#elementor-action%3Aaction%3Dlightbox%26settings%3DeyJpZCI6MTkxOCwidXJsIjoiaHR0cHM6XC9cL3d3dy5sYXNlcnNjaG5laWRlbi5pdFwvd3AtY29udGVudFwvdXBsb2Fkc1wvRU4xMDkwLVNjaHdlaXNzemVydGlmaWthdC5qcGcifQ%3D%3D\">\n\t\t\t\t\t\t\t<img decoding=\"async\" width=\"707\" height=\"1000\" src=\"https:\/\/www.laserschneiden.it\/wp-content\/uploads\/EN1090-Schweisszertifikat.jpg\" class=\"attachment-large size-large wp-image-1918\" alt=\"\" srcset=\"https:\/\/www.laserschneiden.it\/wp-content\/uploads\/EN1090-Schweisszertifikat.jpg 707w, https:\/\/www.laserschneiden.it\/wp-content\/uploads\/EN1090-Schweisszertifikat-106x150.jpg 106w\" sizes=\"(max-width: 707px) 100vw, 707px\" \/>\t\t\t\t\t\t\t\t<\/a>\n\t\t\t\t\t\t\t\t\t\t\t\t\t\t\t<\/div>\n\t\t\t\t<\/div>\n\t\t\t\t<div class=\"elementor-element elementor-element-52584b2 elementor-widget elementor-widget-text-editor\" data-id=\"52584b2\" data-element_type=\"widget\" data-widget_type=\"text-editor.default\">\n\t\t\t\t<div class=\"elementor-widget-container\">\n\t\t\t\t\t\t\t\t\t<p>Siamo certificati EN 1090-2 EXC2, garantendo cos\u00ec la massima qualit\u00e0 e precisione nei lavori di saldatura.<\/p><p><a href=\"\/wp-content\/uploads\/EN1090-Schweisszertifikat.pdf\" target=\"_blank\" rel=\"noopener\">Scarica il certificato<\/a><\/p>\t\t\t\t\t\t\t\t<\/div>\n\t\t\t\t<\/div>\n\t\t\t\t\t<\/div>\n\t\t<\/div>\n\t\t\t\t\t<\/div>\n\t\t<\/section>\n\t\t\t\t<section class=\"elementor-section elementor-top-section elementor-element elementor-element-672aafe elementor-section-boxed elementor-section-height-default elementor-section-height-default\" data-id=\"672aafe\" data-element_type=\"section\">\n\t\t\t\t\t\t<div class=\"elementor-container elementor-column-gap-default\">\n\t\t\t\t\t<div class=\"elementor-column elementor-col-33 elementor-top-column elementor-element elementor-element-77bb746\" data-id=\"77bb746\" data-element_type=\"column\">\n\t\t\t<div class=\"elementor-widget-wrap elementor-element-populated\">\n\t\t\t\t\t\t<div class=\"elementor-element elementor-element-ad26f82 elementor-widget elementor-widget-image\" data-id=\"ad26f82\" data-element_type=\"widget\" data-widget_type=\"image.default\">\n\t\t\t\t<div class=\"elementor-widget-container\">\n\t\t\t\t\t\t\t\t\t\t\t\t\t\t\t\t<a href=\"https:\/\/www.laserschneiden.it\/wp-content\/uploads\/certificate-9001.jpg\" data-elementor-open-lightbox=\"yes\" data-elementor-lightbox-title=\"certificate-9001\" data-e-action-hash=\"#elementor-action%3Aaction%3Dlightbox%26settings%3DeyJpZCI6MjQwNSwidXJsIjoiaHR0cHM6XC9cL3d3dy5sYXNlcnNjaG5laWRlbi5pdFwvd3AtY29udGVudFwvdXBsb2Fkc1wvY2VydGlmaWNhdGUtOTAwMS5qcGcifQ%3D%3D\">\n\t\t\t\t\t\t\t<img loading=\"lazy\" decoding=\"async\" width=\"708\" height=\"1000\" src=\"https:\/\/www.laserschneiden.it\/wp-content\/uploads\/certificate-9001.jpg\" class=\"attachment-large size-large wp-image-2405\" alt=\"\" srcset=\"https:\/\/www.laserschneiden.it\/wp-content\/uploads\/certificate-9001.jpg 708w, https:\/\/www.laserschneiden.it\/wp-content\/uploads\/certificate-9001-106x150.jpg 106w\" sizes=\"(max-width: 708px) 100vw, 708px\" \/>\t\t\t\t\t\t\t\t<\/a>\n\t\t\t\t\t\t\t\t\t\t\t\t\t\t\t<\/div>\n\t\t\t\t<\/div>\n\t\t\t\t<div class=\"elementor-element elementor-element-6612877 elementor-widget elementor-widget-text-editor\" data-id=\"6612877\" data-element_type=\"widget\" data-widget_type=\"text-editor.default\">\n\t\t\t\t<div class=\"elementor-widget-container\">\n\t\t\t\t\t\t\t\t\t<p>Il certificato ISO 9001 attesta che la nostra azienda ha implementato un sistema di gestione della qualit\u00e0 verificato ed efficace. Lavoriamo con processi strutturati, responsabilit\u00e0 definite e un focus costante su efficienza, qualit\u00e0 e soddisfazione del cliente.<\/p><p><a href=\"\/wp-content\/uploads\/2025-Certificate-9001-Alpintec.pdf\" target=\"_blank\" rel=\"noopener\">Scarica il certificato<\/a><\/p>\t\t\t\t\t\t\t\t<\/div>\n\t\t\t\t<\/div>\n\t\t\t\t\t<\/div>\n\t\t<\/div>\n\t\t\t\t<div class=\"elementor-column elementor-col-33 elementor-top-column elementor-element elementor-element-73a2004\" data-id=\"73a2004\" data-element_type=\"column\">\n\t\t\t<div class=\"elementor-widget-wrap elementor-element-populated\">\n\t\t\t\t\t\t<div class=\"elementor-element elementor-element-baacd17 elementor-widget elementor-widget-image\" data-id=\"baacd17\" data-element_type=\"widget\" data-widget_type=\"image.default\">\n\t\t\t\t<div class=\"elementor-widget-container\">\n\t\t\t\t\t\t\t\t\t\t\t\t\t\t\t\t<a href=\"https:\/\/www.laserschneiden.it\/wp-content\/uploads\/SOA-Zertifikat.jpg\" data-elementor-open-lightbox=\"yes\" data-elementor-lightbox-title=\"SOA-Zertifikat\" data-e-action-hash=\"#elementor-action%3Aaction%3Dlightbox%26settings%3DeyJpZCI6MTkyNywidXJsIjoiaHR0cHM6XC9cL3d3dy5sYXNlcnNjaG5laWRlbi5pdFwvd3AtY29udGVudFwvdXBsb2Fkc1wvU09BLVplcnRpZmlrYXQuanBnIn0%3D\">\n\t\t\t\t\t\t\t<img loading=\"lazy\" decoding=\"async\" width=\"707\" height=\"1000\" src=\"https:\/\/www.laserschneiden.it\/wp-content\/uploads\/SOA-Zertifikat.jpg\" class=\"attachment-large size-large wp-image-1927\" alt=\"\" srcset=\"https:\/\/www.laserschneiden.it\/wp-content\/uploads\/SOA-Zertifikat.jpg 707w, https:\/\/www.laserschneiden.it\/wp-content\/uploads\/SOA-Zertifikat-106x150.jpg 106w\" sizes=\"(max-width: 707px) 100vw, 707px\" \/>\t\t\t\t\t\t\t\t<\/a>\n\t\t\t\t\t\t\t\t\t\t\t\t\t\t\t<\/div>\n\t\t\t\t<\/div>\n\t\t\t\t<div class=\"elementor-element elementor-element-fba90c6 elementor-widget elementor-widget-text-editor\" data-id=\"fba90c6\" data-element_type=\"widget\" data-widget_type=\"text-editor.default\">\n\t\t\t\t<div class=\"elementor-widget-container\">\n\t\t\t\t\t\t\t\t\t<p>La nostra azienda \u00e8 certificata per le categorie SOA OS18 e OS31, e quindi abilitata ad assumere incarichi pubblici per la progettazione, produzione e montaggio di componenti strutturali in acciaio o materiali speciali, nonch\u00e9 per l\u2019installazione e la manutenzione di impianti a fune o sistemi di trasporto sospesi simili.<\/p><p><a href=\"\/wp-content\/uploads\/SOA-Zertifikat.pdf\" target=\"_blank\" rel=\"noopener\">Scarica il certificato<\/a><\/p>\t\t\t\t\t\t\t\t<\/div>\n\t\t\t\t<\/div>\n\t\t\t\t\t<\/div>\n\t\t<\/div>\n\t\t\t\t<div class=\"elementor-column elementor-col-33 elementor-top-column elementor-element elementor-element-589064c\" data-id=\"589064c\" data-element_type=\"column\">\n\t\t\t<div class=\"elementor-widget-wrap elementor-element-populated\">\n\t\t\t\t\t\t<div class=\"elementor-element elementor-element-698c442 elementor-widget elementor-widget-image\" data-id=\"698c442\" data-element_type=\"widget\" data-widget_type=\"image.default\">\n\t\t\t\t<div class=\"elementor-widget-container\">\n\t\t\t\t\t\t\t\t\t\t\t\t\t\t\t\t<a href=\"https:\/\/www.laserschneiden.it\/wp-content\/uploads\/zertifikat-vergusskopf-2027.jpg\" data-elementor-open-lightbox=\"yes\" data-elementor-lightbox-title=\"zertifikat-vergusskopf-2027\" data-e-action-hash=\"#elementor-action%3Aaction%3Dlightbox%26settings%3DeyJpZCI6MjAzMiwidXJsIjoiaHR0cHM6XC9cL3d3dy5sYXNlcnNjaG5laWRlbi5pdFwvd3AtY29udGVudFwvdXBsb2Fkc1wvemVydGlmaWthdC12ZXJndXNza29wZi0yMDI3LmpwZyJ9\">\n\t\t\t\t\t\t\t<img loading=\"lazy\" decoding=\"async\" width=\"707\" height=\"1000\" src=\"https:\/\/www.laserschneiden.it\/wp-content\/uploads\/zertifikat-vergusskopf-2027.jpg\" class=\"attachment-large size-large wp-image-2032\" alt=\"\" srcset=\"https:\/\/www.laserschneiden.it\/wp-content\/uploads\/zertifikat-vergusskopf-2027.jpg 707w, https:\/\/www.laserschneiden.it\/wp-content\/uploads\/zertifikat-vergusskopf-2027-106x150.jpg 106w\" sizes=\"(max-width: 707px) 100vw, 707px\" \/>\t\t\t\t\t\t\t\t<\/a>\n\t\t\t\t\t\t\t\t\t\t\t\t\t\t\t<\/div>\n\t\t\t\t<\/div>\n\t\t\t\t<div class=\"elementor-element elementor-element-8a5e757 elementor-widget elementor-widget-text-editor\" data-id=\"8a5e757\" data-element_type=\"widget\" data-widget_type=\"text-editor.default\">\n\t\t\t\t<div class=\"elementor-widget-container\">\n\t\t\t\t\t\t\t\t\t<p>Siamo certificati secondo il Regolamento UE 2016\/424 (Modulo H1) e realizziamo teste fuse conformi alla normativa CE, rispondendo ai pi\u00f9 alti standard di qualit\u00e0 e sicurezza.<\/p><p><a href=\"\/wp-content\/uploads\/Zertifikat-Vergusskopf-bis-2027.pdf\" target=\"_blank\" rel=\"noopener\">Scarica il certificato<\/a><\/p>\t\t\t\t\t\t\t\t<\/div>\n\t\t\t\t<\/div>\n\t\t\t\t\t<\/div>\n\t\t<\/div>\n\t\t\t\t\t<\/div>\n\t\t<\/section>\n\t\t\t\t<\/div>\n\t\t","protected":false},"excerpt":{"rendered":"<p>Certificazioni La nostra azienda soddisfa i pi\u00f9 alti standard nella lavorazione dei metalli e nella costruzione. Alpintec \u00e8 certificata secondo le norme EN 1090 (EXC2), SOA OS18-A, SOA OS31 e ISO 9001. Inoltre, siamo autorizzati a realizzare terminali per funi conformi alla normativa CE (teste fuse). Il certificato EN 1090-2 EXC3 conferma che siamo autorizzati [&hellip;]<\/p>\n","protected":false},"author":1,"featured_media":0,"parent":0,"menu_order":0,"comment_status":"closed","ping_status":"closed","template":"elementor_header_footer","meta":{"_acf_changed":false,"footnotes":""},"class_list":["post-2437","page","type-page","status-publish","hentry"],"acf":[],"yoast_head":"<!-- This site is optimized with the Yoast SEO plugin v25.6 - https:\/\/yoast.com\/wordpress\/plugins\/seo\/ -->\n<title>Downloads - Alpintec Costruzione macchine Taglio Laser<\/title>\n<meta name=\"description\" content=\"La nostra azienda soddisfa i pi\u00f9 alti standard nella lavorazione dei metalli e nella costruzione. Download certificazioni.\" \/>\n<meta name=\"robots\" content=\"index, follow, max-snippet:-1, max-image-preview:large, max-video-preview:-1\" \/>\n<link rel=\"canonical\" href=\"https:\/\/www.laserschneiden.it\/it\/downloads\/\" \/>\n<meta property=\"og:locale\" content=\"it_IT\" \/>\n<meta property=\"og:type\" content=\"article\" \/>\n<meta property=\"og:title\" content=\"Downloads - Alpintec Costruzione macchine Taglio Laser\" \/>\n<meta property=\"og:description\" content=\"La nostra azienda soddisfa i pi\u00f9 alti standard nella lavorazione dei metalli e nella costruzione. Download certificazioni.\" \/>\n<meta property=\"og:url\" content=\"https:\/\/www.laserschneiden.it\/it\/downloads\/\" \/>\n<meta property=\"og:site_name\" content=\"Alpintec Costruzione macchine Taglio Laser\" \/>\n<meta property=\"article:modified_time\" content=\"2025-06-02T12:39:36+00:00\" \/>\n<meta property=\"og:image\" content=\"https:\/\/www.laserschneiden.it\/wp-content\/uploads\/EN1090-Assembly-Certificate.jpg\" \/>\n<meta name=\"twitter:card\" content=\"summary_large_image\" \/>\n<meta name=\"twitter:label1\" content=\"Tempo di lettura stimato\" \/>\n\t<meta name=\"twitter:data1\" content=\"3 minuti\" \/>\n<script type=\"application\/ld+json\" class=\"yoast-schema-graph\">{\"@context\":\"https:\/\/schema.org\",\"@graph\":[{\"@type\":\"WebPage\",\"@id\":\"https:\/\/www.laserschneiden.it\/it\/downloads\/\",\"url\":\"https:\/\/www.laserschneiden.it\/it\/downloads\/\",\"name\":\"Downloads - Alpintec Costruzione macchine Taglio Laser\",\"isPartOf\":{\"@id\":\"https:\/\/www.laserschneiden.it\/#website\"},\"primaryImageOfPage\":{\"@id\":\"https:\/\/www.laserschneiden.it\/it\/downloads\/#primaryimage\"},\"image\":{\"@id\":\"https:\/\/www.laserschneiden.it\/it\/downloads\/#primaryimage\"},\"thumbnailUrl\":\"https:\/\/www.laserschneiden.it\/wp-content\/uploads\/EN1090-Assembly-Certificate.jpg\",\"datePublished\":\"2025-02-11T09:26:19+00:00\",\"dateModified\":\"2025-06-02T12:39:36+00:00\",\"description\":\"La nostra azienda soddisfa i pi\u00f9 alti standard nella lavorazione dei metalli e nella costruzione. Download certificazioni.\",\"breadcrumb\":{\"@id\":\"https:\/\/www.laserschneiden.it\/it\/downloads\/#breadcrumb\"},\"inLanguage\":\"it-IT\",\"potentialAction\":[{\"@type\":\"ReadAction\",\"target\":[\"https:\/\/www.laserschneiden.it\/it\/downloads\/\"]}]},{\"@type\":\"ImageObject\",\"inLanguage\":\"it-IT\",\"@id\":\"https:\/\/www.laserschneiden.it\/it\/downloads\/#primaryimage\",\"url\":\"https:\/\/www.laserschneiden.it\/wp-content\/uploads\/EN1090-Assembly-Certificate.jpg\",\"contentUrl\":\"https:\/\/www.laserschneiden.it\/wp-content\/uploads\/EN1090-Assembly-Certificate.jpg\"},{\"@type\":\"BreadcrumbList\",\"@id\":\"https:\/\/www.laserschneiden.it\/it\/downloads\/#breadcrumb\",\"itemListElement\":[{\"@type\":\"ListItem\",\"position\":1,\"name\":\"Startseite\",\"item\":\"https:\/\/www.laserschneiden.it\/it\/\"},{\"@type\":\"ListItem\",\"position\":2,\"name\":\"Downloads\"}]},{\"@type\":\"WebSite\",\"@id\":\"https:\/\/www.laserschneiden.it\/#website\",\"url\":\"https:\/\/www.laserschneiden.it\/\",\"name\":\"Alpintec Maschinenbau\",\"description\":\"\",\"publisher\":{\"@id\":\"https:\/\/www.laserschneiden.it\/#organization\"},\"potentialAction\":[{\"@type\":\"SearchAction\",\"target\":{\"@type\":\"EntryPoint\",\"urlTemplate\":\"https:\/\/www.laserschneiden.it\/?s={search_term_string}\"},\"query-input\":{\"@type\":\"PropertyValueSpecification\",\"valueRequired\":true,\"valueName\":\"search_term_string\"}}],\"inLanguage\":\"it-IT\"},{\"@type\":\"Organization\",\"@id\":\"https:\/\/www.laserschneiden.it\/#organization\",\"name\":\"Alpintec Maschinenbau\",\"url\":\"https:\/\/www.laserschneiden.it\/\",\"logo\":{\"@type\":\"ImageObject\",\"inLanguage\":\"it-IT\",\"@id\":\"https:\/\/www.laserschneiden.it\/#\/schema\/logo\/image\/\",\"url\":\"https:\/\/www.laserschneiden.it\/wp-content\/uploads\/Alpintec-logo-red.svg\",\"contentUrl\":\"https:\/\/www.laserschneiden.it\/wp-content\/uploads\/Alpintec-logo-red.svg\",\"width\":335.43,\"height\":75.39,\"caption\":\"Alpintec Maschinenbau\"},\"image\":{\"@id\":\"https:\/\/www.laserschneiden.it\/#\/schema\/logo\/image\/\"},\"sameAs\":[\"https:\/\/www.instagram.com\/alpintec_com\"]}]}<\/script>\n<!-- \/ Yoast SEO plugin. -->","yoast_head_json":{"title":"Downloads - Alpintec Costruzione macchine Taglio Laser","description":"La nostra azienda soddisfa i pi\u00f9 alti standard nella lavorazione dei metalli e nella costruzione. Download certificazioni.","robots":{"index":"index","follow":"follow","max-snippet":"max-snippet:-1","max-image-preview":"max-image-preview:large","max-video-preview":"max-video-preview:-1"},"canonical":"https:\/\/www.laserschneiden.it\/it\/downloads\/","og_locale":"it_IT","og_type":"article","og_title":"Downloads - Alpintec Costruzione macchine Taglio Laser","og_description":"La nostra azienda soddisfa i pi\u00f9 alti standard nella lavorazione dei metalli e nella costruzione. Download certificazioni.","og_url":"https:\/\/www.laserschneiden.it\/it\/downloads\/","og_site_name":"Alpintec Costruzione macchine Taglio Laser","article_modified_time":"2025-06-02T12:39:36+00:00","og_image":[{"url":"https:\/\/www.laserschneiden.it\/wp-content\/uploads\/EN1090-Assembly-Certificate.jpg","type":"","width":"","height":""}],"twitter_card":"summary_large_image","twitter_misc":{"Tempo di lettura stimato":"3 minuti"},"schema":{"@context":"https:\/\/schema.org","@graph":[{"@type":"WebPage","@id":"https:\/\/www.laserschneiden.it\/it\/downloads\/","url":"https:\/\/www.laserschneiden.it\/it\/downloads\/","name":"Downloads - Alpintec Costruzione macchine Taglio Laser","isPartOf":{"@id":"https:\/\/www.laserschneiden.it\/#website"},"primaryImageOfPage":{"@id":"https:\/\/www.laserschneiden.it\/it\/downloads\/#primaryimage"},"image":{"@id":"https:\/\/www.laserschneiden.it\/it\/downloads\/#primaryimage"},"thumbnailUrl":"https:\/\/www.laserschneiden.it\/wp-content\/uploads\/EN1090-Assembly-Certificate.jpg","datePublished":"2025-02-11T09:26:19+00:00","dateModified":"2025-06-02T12:39:36+00:00","description":"La nostra azienda soddisfa i pi\u00f9 alti standard nella lavorazione dei metalli e nella costruzione. Download certificazioni.","breadcrumb":{"@id":"https:\/\/www.laserschneiden.it\/it\/downloads\/#breadcrumb"},"inLanguage":"it-IT","potentialAction":[{"@type":"ReadAction","target":["https:\/\/www.laserschneiden.it\/it\/downloads\/"]}]},{"@type":"ImageObject","inLanguage":"it-IT","@id":"https:\/\/www.laserschneiden.it\/it\/downloads\/#primaryimage","url":"https:\/\/www.laserschneiden.it\/wp-content\/uploads\/EN1090-Assembly-Certificate.jpg","contentUrl":"https:\/\/www.laserschneiden.it\/wp-content\/uploads\/EN1090-Assembly-Certificate.jpg"},{"@type":"BreadcrumbList","@id":"https:\/\/www.laserschneiden.it\/it\/downloads\/#breadcrumb","itemListElement":[{"@type":"ListItem","position":1,"name":"Startseite","item":"https:\/\/www.laserschneiden.it\/it\/"},{"@type":"ListItem","position":2,"name":"Downloads"}]},{"@type":"WebSite","@id":"https:\/\/www.laserschneiden.it\/#website","url":"https:\/\/www.laserschneiden.it\/","name":"Alpintec Maschinenbau","description":"","publisher":{"@id":"https:\/\/www.laserschneiden.it\/#organization"},"potentialAction":[{"@type":"SearchAction","target":{"@type":"EntryPoint","urlTemplate":"https:\/\/www.laserschneiden.it\/?s={search_term_string}"},"query-input":{"@type":"PropertyValueSpecification","valueRequired":true,"valueName":"search_term_string"}}],"inLanguage":"it-IT"},{"@type":"Organization","@id":"https:\/\/www.laserschneiden.it\/#organization","name":"Alpintec Maschinenbau","url":"https:\/\/www.laserschneiden.it\/","logo":{"@type":"ImageObject","inLanguage":"it-IT","@id":"https:\/\/www.laserschneiden.it\/#\/schema\/logo\/image\/","url":"https:\/\/www.laserschneiden.it\/wp-content\/uploads\/Alpintec-logo-red.svg","contentUrl":"https:\/\/www.laserschneiden.it\/wp-content\/uploads\/Alpintec-logo-red.svg","width":335.43,"height":75.39,"caption":"Alpintec Maschinenbau"},"image":{"@id":"https:\/\/www.laserschneiden.it\/#\/schema\/logo\/image\/"},"sameAs":["https:\/\/www.instagram.com\/alpintec_com"]}]}},"_links":{"self":[{"href":"https:\/\/www.laserschneiden.it\/it\/wp-json\/wp\/v2\/pages\/2437","targetHints":{"allow":["GET"]}}],"collection":[{"href":"https:\/\/www.laserschneiden.it\/it\/wp-json\/wp\/v2\/pages"}],"about":[{"href":"https:\/\/www.laserschneiden.it\/it\/wp-json\/wp\/v2\/types\/page"}],"author":[{"embeddable":true,"href":"https:\/\/www.laserschneiden.it\/it\/wp-json\/wp\/v2\/users\/1"}],"replies":[{"embeddable":true,"href":"https:\/\/www.laserschneiden.it\/it\/wp-json\/wp\/v2\/comments?post=2437"}],"version-history":[{"count":4,"href":"https:\/\/www.laserschneiden.it\/it\/wp-json\/wp\/v2\/pages\/2437\/revisions"}],"predecessor-version":[{"id":2441,"href":"https:\/\/www.laserschneiden.it\/it\/wp-json\/wp\/v2\/pages\/2437\/revisions\/2441"}],"wp:attachment":[{"href":"https:\/\/www.laserschneiden.it\/it\/wp-json\/wp\/v2\/media?parent=2437"}],"curies":[{"name":"wp","href":"https:\/\/api.w.org\/{rel}","templated":true}]}}